{"id":120,"date":"2026-02-12T20:14:15","date_gmt":"2026-02-12T19:14:15","guid":{"rendered":"https:\/\/helene-nutrition.fr\/?page_id=120"},"modified":"2026-03-08T22:31:32","modified_gmt":"2026-03-08T21:31:32","slug":"consultations","status":"publish","type":"page","link":"https:\/\/helene-nutrition.fr\/index.php\/consultations\/","title":{"rendered":"Consultations"},"content":{"rendered":"\n<div class=\"wp-block-group is-layout-constrained wp-container-core-group-is-layout-8b8daeda wp-block-group-is-layout-constrained\" style=\"padding-top:var(--wp--preset--spacing--80);padding-right:var(--wp--preset--spacing--50);padding-bottom:var(--wp--preset--spacing--80);padding-left:var(--wp--preset--spacing--50)\">\n<div class=\"wp-block-group alignwide is-layout-grid wp-container-core-group-is-layout-5058dc5c wp-block-group-is-layout-grid\" style=\"padding-right:var(--wp--preset--spacing--50);padding-left:var(--wp--preset--spacing--50)\">\n<div class=\"wp-block-group is-layout-constrained wp-block-group-is-layout-constrained\">\n<h1 class=\"wp-block-heading\">Consultations<\/h1>\n<\/div>\n\n\n\n<div class=\"wp-block-group is-layout-constrained wp-block-group-is-layout-constrained\">\n<p>D\u00e9couvrez des accompagnements personnalis\u00e9s pour r\u00e9pondre \u00e0 vos besoins : gestion du poids, troubles digestifs, sant\u00e9 cardiovasculaire, diab\u00e8te ou suivi nutritionnel en canc\u00e9rologie. Des consultations sur mesure, bienveillantes et adapt\u00e9es \u00e0 votre rythme.<\/p>\n<\/div>\n<\/div>\n\n\n\n<div class=\"wp-block-group alignwide is-layout-grid wp-container-core-group-is-layout-14cb3bcc wp-block-group-is-layout-grid\" style=\"padding-right:0;padding-left:0\">\n<div class=\"wp-block-group has-ti-bg-background-color has-background wp-container-content-71f08f84 is-layout-grid wp-container-core-group-is-layout-8d62580c wp-block-group-is-layout-grid\" style=\"border-radius:16px;padding-top:var(--wp--preset--spacing--50);padding-right:var(--wp--preset--spacing--50);padding-bottom:var(--wp--preset--spacing--50);padding-left:var(--wp--preset--spacing--50)\">\n<div class=\"wp-block-group max-h-80 is-vertical is-content-justification-center is-layout-flex wp-container-core-group-is-layout-ce155fab wp-block-group-is-layout-flex\" style=\"min-height:0px\">\n<figure class=\"wp-block-image size-full has-custom-border max-h-80\"><img loading=\"lazy\" decoding=\"async\" width=\"2000\" height=\"2000\" src=\"https:\/\/helene-nutrition.fr\/wp-content\/uploads\/2026\/02\/cancer.webp\" alt=\"\" class=\"wp-image-286\" style=\"border-radius:16px;object-fit:cover\" srcset=\"https:\/\/helene-nutrition.fr\/wp-content\/uploads\/2026\/02\/cancer.webp 2000w, https:\/\/helene-nutrition.fr\/wp-content\/uploads\/2026\/02\/cancer-300x300.webp 300w, https:\/\/helene-nutrition.fr\/wp-content\/uploads\/2026\/02\/cancer-1024x1024.webp 1024w, https:\/\/helene-nutrition.fr\/wp-content\/uploads\/2026\/02\/cancer-150x150.webp 150w, https:\/\/helene-nutrition.fr\/wp-content\/uploads\/2026\/02\/cancer-768x768.webp 768w, https:\/\/helene-nutrition.fr\/wp-content\/uploads\/2026\/02\/cancer-1536x1536.webp 1536w\" sizes=\"auto, (max-width: 2000px) 100vw, 2000px\" \/><\/figure>\n<\/div>\n\n\n\n<div class=\"wp-block-group is-vertical is-layout-flex wp-container-core-group-is-layout-9ea1d7d8 wp-block-group-is-layout-flex\">\n<h3 class=\"wp-block-heading\">Accompagner la prise en charge nutritionnelle en canc\u00e9rologie<\/h3>\n\n\n\n<div class=\"wp-block-group is-content-justification-space-between is-layout-flex wp-container-core-group-is-layout-9366075c wp-block-group-is-layout-flex\">\n<p>Entretien bilan (1h \u00e0 1h30) + Consultations de suivi (30 \u00e0 45min)<\/p>\n<\/div>\n\n\n\n<p>Un soutien nutritionnel personnalis\u00e9 pour mieux vivre les traitements, pr\u00e9server vos forces et maintenir le plaisir de manger. Une prise en charge bienveillante, adapt\u00e9e \u00e0 vos besoins et \u00e0 votre rythme.<\/p>\n\n\n\n<div class=\"wp-block-buttons is-layout-flex wp-block-buttons-is-layout-flex\">\n<div class=\"wp-block-button has-custom-width wp-block-button__width-100\"><a class=\"wp-block-button__link wp-element-button\" href=\"https:\/\/helene-nutrition.fr\/index.php\/consultations\/accompagner-la-prise-en-charge-nutritionnelle-en-cancerologie\/\">En apprendre plus<\/a><\/div>\n<\/div>\n<\/div>\n<\/div>\n\n\n\n<div class=\"wp-block-group has-ti-bg-background-color has-background wp-container-content-71f08f84 is-layout-grid wp-container-core-group-is-layout-7fc16b9f wp-block-group-is-layout-grid\" style=\"border-radius:16px;padding-top:var(--wp--preset--spacing--50);padding-right:var(--wp--preset--spacing--50);padding-bottom:var(--wp--preset--spacing--50);padding-left:var(--wp--preset--spacing--50)\">\n<div class=\"wp-block-group max-h-80 is-vertical is-content-justification-center is-layout-flex wp-container-core-group-is-layout-ce155fab wp-block-group-is-layout-flex\">\n<figure class=\"wp-block-image size-full has-custom-border max-h-80\"><img loading=\"lazy\" decoding=\"async\" width=\"2560\" height=\"1707\" src=\"https:\/\/helene-nutrition.fr\/wp-content\/uploads\/2026\/02\/gestion-du-poids-scaled.jpeg\" alt=\"\" class=\"wp-image-282\" style=\"border-radius:16px;aspect-ratio:4\/3;object-fit:cover\" srcset=\"https:\/\/helene-nutrition.fr\/wp-content\/uploads\/2026\/02\/gestion-du-poids-scaled.jpeg 2560w, https:\/\/helene-nutrition.fr\/wp-content\/uploads\/2026\/02\/gestion-du-poids-300x200.jpeg 300w, https:\/\/helene-nutrition.fr\/wp-content\/uploads\/2026\/02\/gestion-du-poids-1024x683.jpeg 1024w, https:\/\/helene-nutrition.fr\/wp-content\/uploads\/2026\/02\/gestion-du-poids-768x512.jpeg 768w, https:\/\/helene-nutrition.fr\/wp-content\/uploads\/2026\/02\/gestion-du-poids-1536x1024.jpeg 1536w, https:\/\/helene-nutrition.fr\/wp-content\/uploads\/2026\/02\/gestion-du-poids-2048x1365.jpeg 2048w\" sizes=\"auto, (max-width: 2560px) 100vw, 2560px\" \/><\/figure>\n<\/div>\n\n\n\n<div class=\"wp-block-group is-vertical is-layout-flex wp-container-core-group-is-layout-9ea1d7d8 wp-block-group-is-layout-flex\">\n<h3 class=\"wp-block-heading\">Gestion du poids<\/h3>\n\n\n\n<div class=\"wp-block-group is-content-justification-space-between is-layout-flex wp-container-core-group-is-layout-9366075c wp-block-group-is-layout-flex\">\n<p>Entretien bilan (1h \u00e0 1h30) + Consultations de suivi (30 \u00e0 45min)<\/p>\n<\/div>\n\n\n\n<p>Un accompagnement sans r\u00e9gime pour retrouver \u00e9quilibre, plaisir de manger et confiance en vous. Ensemble, nous travaillons des habitudes durables pour atteindre votre poids d\u2019\u00e9quilibre, sans frustration ni culpabilit\u00e9.<\/p>\n\n\n\n<div class=\"wp-block-buttons is-layout-flex wp-block-buttons-is-layout-flex\">\n<div class=\"wp-block-button has-custom-width wp-block-button__width-100\"><a class=\"wp-block-button__link wp-element-button\" href=\"https:\/\/helene-nutrition.fr\/index.php\/gestion-du-poids\/\">En apprendre plus<\/a><\/div>\n<\/div>\n<\/div>\n<\/div>\n\n\n\n<div class=\"wp-block-group has-ti-bg-background-color has-background is-layout-grid wp-container-core-group-is-layout-8d62580c wp-block-group-is-layout-grid\" style=\"border-radius:16px;padding-top:var(--wp--preset--spacing--50);padding-right:var(--wp--preset--spacing--50);padding-bottom:var(--wp--preset--spacing--50);padding-left:var(--wp--preset--spacing--50)\">\n<div class=\"wp-block-group max-h-80 is-vertical is-content-justification-center is-layout-flex wp-container-core-group-is-layout-ce155fab wp-block-group-is-layout-flex\">\n<figure class=\"wp-block-image size-full has-custom-border max-h-80 wp-container-content-69bc4bdf\"><img loading=\"lazy\" decoding=\"async\" width=\"1200\" height=\"600\" src=\"https:\/\/helene-nutrition.fr\/wp-content\/uploads\/2026\/02\/douleurs-abdominales.webp\" alt=\"\" class=\"wp-image-283\" style=\"border-radius:16px;aspect-ratio:4\/3;object-fit:cover\" srcset=\"https:\/\/helene-nutrition.fr\/wp-content\/uploads\/2026\/02\/douleurs-abdominales.webp 1200w, https:\/\/helene-nutrition.fr\/wp-content\/uploads\/2026\/02\/douleurs-abdominales-300x150.webp 300w, https:\/\/helene-nutrition.fr\/wp-content\/uploads\/2026\/02\/douleurs-abdominales-1024x512.webp 1024w, https:\/\/helene-nutrition.fr\/wp-content\/uploads\/2026\/02\/douleurs-abdominales-768x384.webp 768w\" sizes=\"auto, (max-width: 1200px) 100vw, 1200px\" \/><\/figure>\n<\/div>\n\n\n\n<div class=\"wp-block-group is-vertical is-layout-flex wp-container-core-group-is-layout-9ea1d7d8 wp-block-group-is-layout-flex\">\n<h3 class=\"wp-block-heading\">Soulager vos troubles digestifs<\/h3>\n\n\n\n<div class=\"wp-block-group is-content-justification-space-between is-layout-flex wp-container-core-group-is-layout-9366075c wp-block-group-is-layout-flex\">\n<p>Entretien bilan (1h \u00e0 1h30) + Consultations de suivi (30 \u00e0 45min)<\/p>\n<\/div>\n\n\n\n<p>Un accompagnement personnalis\u00e9 pour apaiser vos sympt\u00f4mes et retrouver une alimentation sereine. Ensemble, nous adaptons votre alimentation pour am\u00e9liorer votre confort digestif et votre qualit\u00e9 de vie.<\/p>\n\n\n\n<div class=\"wp-block-buttons is-layout-flex wp-block-buttons-is-layout-flex\">\n<div class=\"wp-block-button has-custom-width wp-block-button__width-100\"><a class=\"wp-block-button__link wp-element-button\" href=\"https:\/\/helene-nutrition.fr\/index.php\/consultations\/soulager-vos-troubles-digestifs\/\">En apprendre plus<\/a><\/div>\n<\/div>\n<\/div>\n<\/div>\n\n\n\n<div class=\"wp-block-group has-ti-bg-background-color has-background is-layout-grid wp-container-core-group-is-layout-8d62580c wp-block-group-is-layout-grid\" style=\"border-radius:16px;padding-top:var(--wp--preset--spacing--50);padding-right:var(--wp--preset--spacing--50);padding-bottom:var(--wp--preset--spacing--50);padding-left:var(--wp--preset--spacing--50)\">\n<div class=\"wp-block-group max-h-80 is-vertical is-content-justification-center is-layout-flex wp-container-core-group-is-layout-ce155fab wp-block-group-is-layout-flex\">\n<figure class=\"wp-block-image size-full has-custom-border max-h-80\"><img loading=\"lazy\" decoding=\"async\" width=\"1024\" height=\"1536\" src=\"https:\/\/helene-nutrition.fr\/wp-content\/uploads\/2026\/02\/image-cardiovasculaire.png\" alt=\"\" class=\"wp-image-284\" style=\"border-radius:16px;aspect-ratio:4\/3;object-fit:cover\" srcset=\"https:\/\/helene-nutrition.fr\/wp-content\/uploads\/2026\/02\/image-cardiovasculaire.png 1024w, https:\/\/helene-nutrition.fr\/wp-content\/uploads\/2026\/02\/image-cardiovasculaire-200x300.png 200w, https:\/\/helene-nutrition.fr\/wp-content\/uploads\/2026\/02\/image-cardiovasculaire-683x1024.png 683w, https:\/\/helene-nutrition.fr\/wp-content\/uploads\/2026\/02\/image-cardiovasculaire-768x1152.png 768w\" sizes=\"auto, (max-width: 1024px) 100vw, 1024px\" \/><\/figure>\n<\/div>\n\n\n\n<div class=\"wp-block-group is-vertical is-layout-flex wp-container-core-group-is-layout-9ea1d7d8 wp-block-group-is-layout-flex\">\n<h3 class=\"wp-block-heading\">Am\u00e9liorer ou prot\u00e9ger votre sant\u00e9 cardiovasculaire<\/h3>\n\n\n\n<div class=\"wp-block-group is-content-justification-space-between is-layout-flex wp-container-core-group-is-layout-9366075c wp-block-group-is-layout-flex\">\n<p>Entretien bilan (1h \u00e0 1h30) + Consultations de suivi (30 \u00e0 45min)<\/p>\n<\/div>\n\n\n\n<p>Un accompagnement nutritionnel personnalis\u00e9 pour r\u00e9guler tension, cholest\u00e9rol et triglyc\u00e9rides. Des conseils concrets pour prot\u00e9ger votre c\u0153ur et am\u00e9liorer durablement votre sant\u00e9.<\/p>\n\n\n\n<div class=\"wp-block-buttons is-layout-flex wp-block-buttons-is-layout-flex\">\n<div class=\"wp-block-button has-custom-width wp-block-button__width-100\"><a class=\"wp-block-button__link wp-element-button\" href=\"https:\/\/helene-nutrition.fr\/index.php\/consultations\/ameliorer-ou-proteger-votre-sante-cardiovasculaire\/\">En apprendre plus<\/a><\/div>\n<\/div>\n<\/div>\n<\/div>\n\n\n\n<div class=\"wp-block-group has-ti-bg-background-color has-background is-layout-grid wp-container-core-group-is-layout-8d62580c wp-block-group-is-layout-grid\" style=\"border-radius:16px;padding-top:var(--wp--preset--spacing--50);padding-right:var(--wp--preset--spacing--50);padding-bottom:var(--wp--preset--spacing--50);padding-left:var(--wp--preset--spacing--50)\">\n<div class=\"wp-block-group max-h-80 is-vertical is-content-justification-center is-layout-flex wp-container-core-group-is-layout-ce155fab wp-block-group-is-layout-flex\">\n<figure class=\"wp-block-image size-full has-custom-border max-h-80\"><img loading=\"lazy\" decoding=\"async\" width=\"800\" height=\"600\" src=\"https:\/\/helene-nutrition.fr\/wp-content\/uploads\/2026\/02\/diabete-5.jpg\" alt=\"\" class=\"wp-image-288\" style=\"border-radius:16px;object-fit:cover\" srcset=\"https:\/\/helene-nutrition.fr\/wp-content\/uploads\/2026\/02\/diabete-5.jpg 800w, https:\/\/helene-nutrition.fr\/wp-content\/uploads\/2026\/02\/diabete-5-300x225.jpg 300w, https:\/\/helene-nutrition.fr\/wp-content\/uploads\/2026\/02\/diabete-5-768x576.jpg 768w\" sizes=\"auto, (max-width: 800px) 100vw, 800px\" \/><\/figure>\n<\/div>\n\n\n\n<div class=\"wp-block-group is-vertical is-layout-flex wp-container-core-group-is-layout-9ea1d7d8 wp-block-group-is-layout-flex\">\n<h3 class=\"wp-block-heading\">R\u00e9guler votre diab\u00e8te<\/h3>\n\n\n\n<div class=\"wp-block-group is-content-justification-space-between is-layout-flex wp-container-core-group-is-layout-9366075c wp-block-group-is-layout-flex\">\n<p>Entretien bilan (1h \u00e0 1h30) + Consultations de suivi (30 \u00e0 45min)<\/p>\n<\/div>\n\n\n\n<p>Un accompagnement pour mieux g\u00e9rer votre glyc\u00e9mie gr\u00e2ce \u00e0 une alimentation adapt\u00e9e, \u00e9quilibr\u00e9e et sans frustration. Ensemble, nous construisons des habitudes durables pour pr\u00e9server votre sant\u00e9 au quotidien.<\/p>\n\n\n\n<div class=\"wp-block-buttons is-layout-flex wp-block-buttons-is-layout-flex\">\n<div class=\"wp-block-button has-custom-width wp-block-button__width-100\"><a class=\"wp-block-button__link wp-element-button\" href=\"https:\/\/helene-nutrition.fr\/index.php\/consultations\/reguler-votre-diabete\/\">En apprendre plus<\/a><\/div>\n<\/div>\n<\/div>\n<\/div>\n<\/div>\n<\/div>\n","protected":false},"excerpt":{"rendered":"<p>Consultations D\u00e9couvrez des accompagnements personnalis\u00e9s pour r\u00e9pondre \u00e0 vos besoins : gestion du poids, troubles digestifs, sant\u00e9 cardiovasculaire, diab\u00e8te ou suivi nutritionnel en canc\u00e9rologie. Des consultations sur mesure, bienveillantes et adapt\u00e9es \u00e0 votre rythme. Accompagner la prise en charge nutritionnelle en canc\u00e9rologie Entretien bilan (1h \u00e0 1h30) + Consultations de suivi (30 \u00e0 45min) Un [&hellip;]<\/p>\n","protected":false},"author":1,"featured_media":0,"parent":0,"menu_order":0,"comment_status":"closed","ping_status":"closed","template":"template-plain","meta":{"footnotes":""},"class_list":["post-120","page","type-page","status-publish","hentry"],"yoast_head":"<!-- This site is optimized with the Yoast SEO plugin v27.0 - https:\/\/yoast.com\/product\/yoast-seo-wordpress\/ -->\n<title>Consultations - H\u00e9l\u00e8ne GODIER<\/title>\n<meta name=\"robots\" content=\"index, follow, max-snippet:-1, max-image-preview:large, max-video-preview:-1\" \/>\n<link rel=\"canonical\" href=\"https:\/\/helene-nutrition.fr\/index.php\/consultations\/\" \/>\n<meta property=\"og:locale\" content=\"fr_FR\" \/>\n<meta property=\"og:type\" content=\"article\" \/>\n<meta property=\"og:title\" content=\"Consultations - H\u00e9l\u00e8ne GODIER\" \/>\n<meta property=\"og:description\" content=\"Consultations D\u00e9couvrez des accompagnements personnalis\u00e9s pour r\u00e9pondre \u00e0 vos besoins : gestion du poids, troubles digestifs, sant\u00e9 cardiovasculaire, diab\u00e8te ou suivi nutritionnel en canc\u00e9rologie. Des consultations sur mesure, bienveillantes et adapt\u00e9es \u00e0 votre rythme. Accompagner la prise en charge nutritionnelle en canc\u00e9rologie Entretien bilan (1h \u00e0 1h30) + Consultations de suivi (30 \u00e0 45min) Un [&hellip;]\" \/>\n<meta property=\"og:url\" content=\"https:\/\/helene-nutrition.fr\/index.php\/consultations\/\" \/>\n<meta property=\"og:site_name\" content=\"H\u00e9l\u00e8ne GODIER\" \/>\n<meta property=\"article:modified_time\" content=\"2026-03-08T21:31:32+00:00\" \/>\n<meta property=\"og:image\" content=\"https:\/\/helene-nutrition.fr\/wp-content\/uploads\/2026\/02\/cancer.webp\" \/>\n\t<meta property=\"og:image:width\" content=\"2000\" \/>\n\t<meta property=\"og:image:height\" content=\"2000\" \/>\n\t<meta property=\"og:image:type\" content=\"image\/webp\" \/>\n<meta name=\"twitter:card\" content=\"summary_large_image\" \/>\n<meta name=\"twitter:label1\" content=\"Dur\u00e9e de lecture estim\u00e9e\" \/>\n\t<meta name=\"twitter:data1\" content=\"3 minutes\" \/>\n<script type=\"application\/ld+json\" class=\"yoast-schema-graph\">{\"@context\":\"https:\/\/schema.org\",\"@graph\":[{\"@type\":\"WebPage\",\"@id\":\"https:\/\/helene-nutrition.fr\/index.php\/consultations\/\",\"url\":\"https:\/\/helene-nutrition.fr\/index.php\/consultations\/\",\"name\":\"Consultations - H\u00e9l\u00e8ne GODIER\",\"isPartOf\":{\"@id\":\"https:\/\/helene-nutrition.fr\/#website\"},\"primaryImageOfPage\":{\"@id\":\"https:\/\/helene-nutrition.fr\/index.php\/consultations\/#primaryimage\"},\"image\":{\"@id\":\"https:\/\/helene-nutrition.fr\/index.php\/consultations\/#primaryimage\"},\"thumbnailUrl\":\"https:\/\/helene-nutrition.fr\/wp-content\/uploads\/2026\/02\/cancer.webp\",\"datePublished\":\"2026-02-12T19:14:15+00:00\",\"dateModified\":\"2026-03-08T21:31:32+00:00\",\"breadcrumb\":{\"@id\":\"https:\/\/helene-nutrition.fr\/index.php\/consultations\/#breadcrumb\"},\"inLanguage\":\"fr-FR\",\"potentialAction\":[{\"@type\":\"ReadAction\",\"target\":[\"https:\/\/helene-nutrition.fr\/index.php\/consultations\/\"]}]},{\"@type\":\"ImageObject\",\"inLanguage\":\"fr-FR\",\"@id\":\"https:\/\/helene-nutrition.fr\/index.php\/consultations\/#primaryimage\",\"url\":\"https:\/\/helene-nutrition.fr\/wp-content\/uploads\/2026\/02\/cancer.webp\",\"contentUrl\":\"https:\/\/helene-nutrition.fr\/wp-content\/uploads\/2026\/02\/cancer.webp\",\"width\":2000,\"height\":2000},{\"@type\":\"BreadcrumbList\",\"@id\":\"https:\/\/helene-nutrition.fr\/index.php\/consultations\/#breadcrumb\",\"itemListElement\":[{\"@type\":\"ListItem\",\"position\":1,\"name\":\"Accueil\",\"item\":\"https:\/\/helene-nutrition.fr\/\"},{\"@type\":\"ListItem\",\"position\":2,\"name\":\"Consultations\"}]},{\"@type\":\"WebSite\",\"@id\":\"https:\/\/helene-nutrition.fr\/#website\",\"url\":\"https:\/\/helene-nutrition.fr\/\",\"name\":\"H\u00e9l\u00e8ne GODIER\",\"description\":\"Di\u00e9t\u00e9ticienne nutritionniste\",\"publisher\":{\"@id\":\"https:\/\/helene-nutrition.fr\/#\/schema\/person\/8cb68e7764c3cc9f76ef52403998a98f\"},\"potentialAction\":[{\"@type\":\"SearchAction\",\"target\":{\"@type\":\"EntryPoint\",\"urlTemplate\":\"https:\/\/helene-nutrition.fr\/?s={search_term_string}\"},\"query-input\":{\"@type\":\"PropertyValueSpecification\",\"valueRequired\":true,\"valueName\":\"search_term_string\"}}],\"inLanguage\":\"fr-FR\"},{\"@type\":[\"Person\",\"Organization\"],\"@id\":\"https:\/\/helene-nutrition.fr\/#\/schema\/person\/8cb68e7764c3cc9f76ef52403998a98f\",\"name\":\"H\u00e9l\u00e8ne GODIER\",\"image\":{\"@type\":\"ImageObject\",\"inLanguage\":\"fr-FR\",\"@id\":\"https:\/\/helene-nutrition.fr\/#\/schema\/person\/image\/\",\"url\":\"https:\/\/helene-nutrition.fr\/wp-content\/uploads\/2026\/01\/logo.png\",\"contentUrl\":\"https:\/\/helene-nutrition.fr\/wp-content\/uploads\/2026\/01\/logo.png\",\"width\":1024,\"height\":1024,\"caption\":\"H\u00e9l\u00e8ne GODIER\"},\"logo\":{\"@id\":\"https:\/\/helene-nutrition.fr\/#\/schema\/person\/image\/\"},\"sameAs\":[\"https:\/\/helene-nutrition.fr\"]}]}<\/script>\n<!-- \/ Yoast SEO plugin. -->","yoast_head_json":{"title":"Consultations - H\u00e9l\u00e8ne GODIER","robots":{"index":"index","follow":"follow","max-snippet":"max-snippet:-1","max-image-preview":"max-image-preview:large","max-video-preview":"max-video-preview:-1"},"canonical":"https:\/\/helene-nutrition.fr\/index.php\/consultations\/","og_locale":"fr_FR","og_type":"article","og_title":"Consultations - H\u00e9l\u00e8ne GODIER","og_description":"Consultations D\u00e9couvrez des accompagnements personnalis\u00e9s pour r\u00e9pondre \u00e0 vos besoins : gestion du poids, troubles digestifs, sant\u00e9 cardiovasculaire, diab\u00e8te ou suivi nutritionnel en canc\u00e9rologie. Des consultations sur mesure, bienveillantes et adapt\u00e9es \u00e0 votre rythme. Accompagner la prise en charge nutritionnelle en canc\u00e9rologie Entretien bilan (1h \u00e0 1h30) + Consultations de suivi (30 \u00e0 45min) Un [&hellip;]","og_url":"https:\/\/helene-nutrition.fr\/index.php\/consultations\/","og_site_name":"H\u00e9l\u00e8ne GODIER","article_modified_time":"2026-03-08T21:31:32+00:00","og_image":[{"width":2000,"height":2000,"url":"https:\/\/helene-nutrition.fr\/wp-content\/uploads\/2026\/02\/cancer.webp","type":"image\/webp"}],"twitter_card":"summary_large_image","twitter_misc":{"Dur\u00e9e de lecture estim\u00e9e":"3 minutes"},"schema":{"@context":"https:\/\/schema.org","@graph":[{"@type":"WebPage","@id":"https:\/\/helene-nutrition.fr\/index.php\/consultations\/","url":"https:\/\/helene-nutrition.fr\/index.php\/consultations\/","name":"Consultations - H\u00e9l\u00e8ne GODIER","isPartOf":{"@id":"https:\/\/helene-nutrition.fr\/#website"},"primaryImageOfPage":{"@id":"https:\/\/helene-nutrition.fr\/index.php\/consultations\/#primaryimage"},"image":{"@id":"https:\/\/helene-nutrition.fr\/index.php\/consultations\/#primaryimage"},"thumbnailUrl":"https:\/\/helene-nutrition.fr\/wp-content\/uploads\/2026\/02\/cancer.webp","datePublished":"2026-02-12T19:14:15+00:00","dateModified":"2026-03-08T21:31:32+00:00","breadcrumb":{"@id":"https:\/\/helene-nutrition.fr\/index.php\/consultations\/#breadcrumb"},"inLanguage":"fr-FR","potentialAction":[{"@type":"ReadAction","target":["https:\/\/helene-nutrition.fr\/index.php\/consultations\/"]}]},{"@type":"ImageObject","inLanguage":"fr-FR","@id":"https:\/\/helene-nutrition.fr\/index.php\/consultations\/#primaryimage","url":"https:\/\/helene-nutrition.fr\/wp-content\/uploads\/2026\/02\/cancer.webp","contentUrl":"https:\/\/helene-nutrition.fr\/wp-content\/uploads\/2026\/02\/cancer.webp","width":2000,"height":2000},{"@type":"BreadcrumbList","@id":"https:\/\/helene-nutrition.fr\/index.php\/consultations\/#breadcrumb","itemListElement":[{"@type":"ListItem","position":1,"name":"Accueil","item":"https:\/\/helene-nutrition.fr\/"},{"@type":"ListItem","position":2,"name":"Consultations"}]},{"@type":"WebSite","@id":"https:\/\/helene-nutrition.fr\/#website","url":"https:\/\/helene-nutrition.fr\/","name":"H\u00e9l\u00e8ne GODIER","description":"Di\u00e9t\u00e9ticienne nutritionniste","publisher":{"@id":"https:\/\/helene-nutrition.fr\/#\/schema\/person\/8cb68e7764c3cc9f76ef52403998a98f"},"potentialAction":[{"@type":"SearchAction","target":{"@type":"EntryPoint","urlTemplate":"https:\/\/helene-nutrition.fr\/?s={search_term_string}"},"query-input":{"@type":"PropertyValueSpecification","valueRequired":true,"valueName":"search_term_string"}}],"inLanguage":"fr-FR"},{"@type":["Person","Organization"],"@id":"https:\/\/helene-nutrition.fr\/#\/schema\/person\/8cb68e7764c3cc9f76ef52403998a98f","name":"H\u00e9l\u00e8ne GODIER","image":{"@type":"ImageObject","inLanguage":"fr-FR","@id":"https:\/\/helene-nutrition.fr\/#\/schema\/person\/image\/","url":"https:\/\/helene-nutrition.fr\/wp-content\/uploads\/2026\/01\/logo.png","contentUrl":"https:\/\/helene-nutrition.fr\/wp-content\/uploads\/2026\/01\/logo.png","width":1024,"height":1024,"caption":"H\u00e9l\u00e8ne GODIER"},"logo":{"@id":"https:\/\/helene-nutrition.fr\/#\/schema\/person\/image\/"},"sameAs":["https:\/\/helene-nutrition.fr"]}]}},"_links":{"self":[{"href":"https:\/\/helene-nutrition.fr\/index.php\/wp-json\/wp\/v2\/pages\/120","targetHints":{"allow":["GET"]}}],"collection":[{"href":"https:\/\/helene-nutrition.fr\/index.php\/wp-json\/wp\/v2\/pages"}],"about":[{"href":"https:\/\/helene-nutrition.fr\/index.php\/wp-json\/wp\/v2\/types\/page"}],"author":[{"embeddable":true,"href":"https:\/\/helene-nutrition.fr\/index.php\/wp-json\/wp\/v2\/users\/1"}],"replies":[{"embeddable":true,"href":"https:\/\/helene-nutrition.fr\/index.php\/wp-json\/wp\/v2\/comments?post=120"}],"version-history":[{"count":37,"href":"https:\/\/helene-nutrition.fr\/index.php\/wp-json\/wp\/v2\/pages\/120\/revisions"}],"predecessor-version":[{"id":323,"href":"https:\/\/helene-nutrition.fr\/index.php\/wp-json\/wp\/v2\/pages\/120\/revisions\/323"}],"wp:attachment":[{"href":"https:\/\/helene-nutrition.fr\/index.php\/wp-json\/wp\/v2\/media?parent=120"}],"curies":[{"name":"wp","href":"https:\/\/api.w.org\/{rel}","templated":true}]}}