{"id":135,"date":"2026-02-12T20:40:09","date_gmt":"2026-02-12T19:40:09","guid":{"rendered":"https:\/\/helene-nutrition.fr\/?page_id=135"},"modified":"2026-02-12T22:19:40","modified_gmt":"2026-02-12T21:19:40","slug":"soulager-vos-troubles-digestifs","status":"publish","type":"page","link":"https:\/\/helene-nutrition.fr\/index.php\/consultations\/soulager-vos-troubles-digestifs\/","title":{"rendered":"Soulager vos troubles digestifs"},"content":{"rendered":"\n<ul class=\"wp-block-list\">\n<li><em>Vous souffrez d&rsquo;une pathologie digestive ?<\/em><\/li>\n\n\n\n<li><em>Votre quotidien est rythm\u00e9 par les troubles digestifs et les inconforts ?<\/em><\/li>\n\n\n\n<li><em>Vous avez supprim\u00e9 tellement d&rsquo;aliments que vous ne savez plus quoi manger ?<\/em><\/li>\n\n\n\n<li><em>Votre alimentation est devenue anxiog\u00e8ne ?<\/em><\/li>\n\n\n\n<li><em>Vous \u00eates perdu(e) dans votre alimentation ?<\/em><\/li>\n<\/ul>\n\n\n\n<p>En compl\u00e9ment de votre accompagnement m\u00e9dical par votre m\u00e9decin g\u00e9n\u00e9raliste ou votre gastro-ent\u00e9rologue, il peut \u00eatre particuli\u00e8rement pr\u00e9cieux de travailler sur votre alimentation afin de&nbsp;mettre en place un mode d\u2019alimentation personnalis\u00e9&nbsp;qui&nbsp;soulagera vos sympt\u00f4mes&nbsp;et&nbsp;am\u00e9liorera votre qualit\u00e9 de vie.<\/p>\n\n\n\n<p>Depuis plusieurs ann\u00e9es, je me suis passionn\u00e9e pour ce lien indissociable entre notre alimentation et notre syst\u00e8me digestif et j\u2019ai pris conscience du r\u00f4le essentiel que les di\u00e9t\u00e9ticiens peuvent avoir dans l\u2019\u00e9volution des sympt\u00f4mes des patients.<\/p>\n\n\n\n<p><img loading=\"lazy\" decoding=\"async\" width=\"153\" height=\"46\" src=\"\" alt=\"Text Box: Pour en savoir plus\">Contactez-moi pour nous rencontrer lors d\u2019une premi\u00e8re consultation, qui nous permettra de faire connaissance, d\u2019\u00e9changer sur votre parcours et vos sympt\u00f4mes et d\u00e9marrer cet accompagnement !<\/p>\n","protected":false},"excerpt":{"rendered":"<p>En compl\u00e9ment de votre accompagnement m\u00e9dical par votre m\u00e9decin g\u00e9n\u00e9raliste ou votre gastro-ent\u00e9rologue, il peut \u00eatre particuli\u00e8rement pr\u00e9cieux de travailler sur votre alimentation afin de&nbsp;mettre en place un mode d\u2019alimentation personnalis\u00e9&nbsp;qui&nbsp;soulagera vos sympt\u00f4mes&nbsp;et&nbsp;am\u00e9liorera votre qualit\u00e9 de vie. Depuis plusieurs ann\u00e9es, je me suis passionn\u00e9e pour ce lien indissociable entre notre alimentation et notre syst\u00e8me digestif [&hellip;]<\/p>\n","protected":false},"author":1,"featured_media":0,"parent":120,"menu_order":0,"comment_status":"closed","ping_status":"closed","template":"","meta":{"footnotes":""},"class_list":["post-135","page","type-page","status-publish","hentry"],"yoast_head":"<!-- This site is optimized with the Yoast SEO plugin v27.0 - https:\/\/yoast.com\/product\/yoast-seo-wordpress\/ -->\n<title>Soulager vos troubles digestifs - H\u00e9l\u00e8ne GODIER<\/title>\n<meta name=\"robots\" content=\"index, follow, max-snippet:-1, max-image-preview:large, max-video-preview:-1\" \/>\n<link rel=\"canonical\" href=\"https:\/\/helene-nutrition.fr\/index.php\/consultations\/soulager-vos-troubles-digestifs\/\" \/>\n<meta property=\"og:locale\" content=\"fr_FR\" \/>\n<meta property=\"og:type\" content=\"article\" \/>\n<meta property=\"og:title\" content=\"Soulager vos troubles digestifs - H\u00e9l\u00e8ne GODIER\" \/>\n<meta property=\"og:description\" content=\"En compl\u00e9ment de votre accompagnement m\u00e9dical par votre m\u00e9decin g\u00e9n\u00e9raliste ou votre gastro-ent\u00e9rologue, il peut \u00eatre particuli\u00e8rement pr\u00e9cieux de travailler sur votre alimentation afin de&nbsp;mettre en place un mode d\u2019alimentation personnalis\u00e9&nbsp;qui&nbsp;soulagera vos sympt\u00f4mes&nbsp;et&nbsp;am\u00e9liorera votre qualit\u00e9 de vie. Depuis plusieurs ann\u00e9es, je me suis passionn\u00e9e pour ce lien indissociable entre notre alimentation et notre syst\u00e8me digestif [&hellip;]\" \/>\n<meta property=\"og:url\" content=\"https:\/\/helene-nutrition.fr\/index.php\/consultations\/soulager-vos-troubles-digestifs\/\" \/>\n<meta property=\"og:site_name\" content=\"H\u00e9l\u00e8ne GODIER\" \/>\n<meta property=\"article:modified_time\" content=\"2026-02-12T21:19:40+00:00\" \/>\n<meta name=\"twitter:card\" content=\"summary_large_image\" \/>\n<meta name=\"twitter:label1\" content=\"Dur\u00e9e de lecture estim\u00e9e\" \/>\n\t<meta name=\"twitter:data1\" content=\"1 minute\" \/>\n<script type=\"application\/ld+json\" class=\"yoast-schema-graph\">{\"@context\":\"https:\/\/schema.org\",\"@graph\":[{\"@type\":\"WebPage\",\"@id\":\"https:\/\/helene-nutrition.fr\/index.php\/consultations\/soulager-vos-troubles-digestifs\/\",\"url\":\"https:\/\/helene-nutrition.fr\/index.php\/consultations\/soulager-vos-troubles-digestifs\/\",\"name\":\"Soulager vos troubles digestifs - H\u00e9l\u00e8ne GODIER\",\"isPartOf\":{\"@id\":\"https:\/\/helene-nutrition.fr\/#website\"},\"datePublished\":\"2026-02-12T19:40:09+00:00\",\"dateModified\":\"2026-02-12T21:19:40+00:00\",\"breadcrumb\":{\"@id\":\"https:\/\/helene-nutrition.fr\/index.php\/consultations\/soulager-vos-troubles-digestifs\/#breadcrumb\"},\"inLanguage\":\"fr-FR\",\"potentialAction\":[{\"@type\":\"ReadAction\",\"target\":[\"https:\/\/helene-nutrition.fr\/index.php\/consultations\/soulager-vos-troubles-digestifs\/\"]}]},{\"@type\":\"BreadcrumbList\",\"@id\":\"https:\/\/helene-nutrition.fr\/index.php\/consultations\/soulager-vos-troubles-digestifs\/#breadcrumb\",\"itemListElement\":[{\"@type\":\"ListItem\",\"position\":1,\"name\":\"Accueil\",\"item\":\"https:\/\/helene-nutrition.fr\/\"},{\"@type\":\"ListItem\",\"position\":2,\"name\":\"Consultations\",\"item\":\"https:\/\/helene-nutrition.fr\/index.php\/consultations\/\"},{\"@type\":\"ListItem\",\"position\":3,\"name\":\"Soulager vos troubles digestifs\"}]},{\"@type\":\"WebSite\",\"@id\":\"https:\/\/helene-nutrition.fr\/#website\",\"url\":\"https:\/\/helene-nutrition.fr\/\",\"name\":\"H\u00e9l\u00e8ne GODIER\",\"description\":\"Di\u00e9t\u00e9ticienne nutritionniste\",\"publisher\":{\"@id\":\"https:\/\/helene-nutrition.fr\/#\/schema\/person\/8cb68e7764c3cc9f76ef52403998a98f\"},\"potentialAction\":[{\"@type\":\"SearchAction\",\"target\":{\"@type\":\"EntryPoint\",\"urlTemplate\":\"https:\/\/helene-nutrition.fr\/?s={search_term_string}\"},\"query-input\":{\"@type\":\"PropertyValueSpecification\",\"valueRequired\":true,\"valueName\":\"search_term_string\"}}],\"inLanguage\":\"fr-FR\"},{\"@type\":[\"Person\",\"Organization\"],\"@id\":\"https:\/\/helene-nutrition.fr\/#\/schema\/person\/8cb68e7764c3cc9f76ef52403998a98f\",\"name\":\"H\u00e9l\u00e8ne GODIER\",\"image\":{\"@type\":\"ImageObject\",\"inLanguage\":\"fr-FR\",\"@id\":\"https:\/\/helene-nutrition.fr\/#\/schema\/person\/image\/\",\"url\":\"https:\/\/helene-nutrition.fr\/wp-content\/uploads\/2026\/01\/logo.png\",\"contentUrl\":\"https:\/\/helene-nutrition.fr\/wp-content\/uploads\/2026\/01\/logo.png\",\"width\":1024,\"height\":1024,\"caption\":\"H\u00e9l\u00e8ne GODIER\"},\"logo\":{\"@id\":\"https:\/\/helene-nutrition.fr\/#\/schema\/person\/image\/\"},\"sameAs\":[\"https:\/\/helene-nutrition.fr\"]}]}<\/script>\n<!-- \/ Yoast SEO plugin. -->","yoast_head_json":{"title":"Soulager vos troubles digestifs - H\u00e9l\u00e8ne GODIER","robots":{"index":"index","follow":"follow","max-snippet":"max-snippet:-1","max-image-preview":"max-image-preview:large","max-video-preview":"max-video-preview:-1"},"canonical":"https:\/\/helene-nutrition.fr\/index.php\/consultations\/soulager-vos-troubles-digestifs\/","og_locale":"fr_FR","og_type":"article","og_title":"Soulager vos troubles digestifs - H\u00e9l\u00e8ne GODIER","og_description":"En compl\u00e9ment de votre accompagnement m\u00e9dical par votre m\u00e9decin g\u00e9n\u00e9raliste ou votre gastro-ent\u00e9rologue, il peut \u00eatre particuli\u00e8rement pr\u00e9cieux de travailler sur votre alimentation afin de&nbsp;mettre en place un mode d\u2019alimentation personnalis\u00e9&nbsp;qui&nbsp;soulagera vos sympt\u00f4mes&nbsp;et&nbsp;am\u00e9liorera votre qualit\u00e9 de vie. Depuis plusieurs ann\u00e9es, je me suis passionn\u00e9e pour ce lien indissociable entre notre alimentation et notre syst\u00e8me digestif [&hellip;]","og_url":"https:\/\/helene-nutrition.fr\/index.php\/consultations\/soulager-vos-troubles-digestifs\/","og_site_name":"H\u00e9l\u00e8ne GODIER","article_modified_time":"2026-02-12T21:19:40+00:00","twitter_card":"summary_large_image","twitter_misc":{"Dur\u00e9e de lecture estim\u00e9e":"1 minute"},"schema":{"@context":"https:\/\/schema.org","@graph":[{"@type":"WebPage","@id":"https:\/\/helene-nutrition.fr\/index.php\/consultations\/soulager-vos-troubles-digestifs\/","url":"https:\/\/helene-nutrition.fr\/index.php\/consultations\/soulager-vos-troubles-digestifs\/","name":"Soulager vos troubles digestifs - H\u00e9l\u00e8ne GODIER","isPartOf":{"@id":"https:\/\/helene-nutrition.fr\/#website"},"datePublished":"2026-02-12T19:40:09+00:00","dateModified":"2026-02-12T21:19:40+00:00","breadcrumb":{"@id":"https:\/\/helene-nutrition.fr\/index.php\/consultations\/soulager-vos-troubles-digestifs\/#breadcrumb"},"inLanguage":"fr-FR","potentialAction":[{"@type":"ReadAction","target":["https:\/\/helene-nutrition.fr\/index.php\/consultations\/soulager-vos-troubles-digestifs\/"]}]},{"@type":"BreadcrumbList","@id":"https:\/\/helene-nutrition.fr\/index.php\/consultations\/soulager-vos-troubles-digestifs\/#breadcrumb","itemListElement":[{"@type":"ListItem","position":1,"name":"Accueil","item":"https:\/\/helene-nutrition.fr\/"},{"@type":"ListItem","position":2,"name":"Consultations","item":"https:\/\/helene-nutrition.fr\/index.php\/consultations\/"},{"@type":"ListItem","position":3,"name":"Soulager vos troubles digestifs"}]},{"@type":"WebSite","@id":"https:\/\/helene-nutrition.fr\/#website","url":"https:\/\/helene-nutrition.fr\/","name":"H\u00e9l\u00e8ne GODIER","description":"Di\u00e9t\u00e9ticienne nutritionniste","publisher":{"@id":"https:\/\/helene-nutrition.fr\/#\/schema\/person\/8cb68e7764c3cc9f76ef52403998a98f"},"potentialAction":[{"@type":"SearchAction","target":{"@type":"EntryPoint","urlTemplate":"https:\/\/helene-nutrition.fr\/?s={search_term_string}"},"query-input":{"@type":"PropertyValueSpecification","valueRequired":true,"valueName":"search_term_string"}}],"inLanguage":"fr-FR"},{"@type":["Person","Organization"],"@id":"https:\/\/helene-nutrition.fr\/#\/schema\/person\/8cb68e7764c3cc9f76ef52403998a98f","name":"H\u00e9l\u00e8ne GODIER","image":{"@type":"ImageObject","inLanguage":"fr-FR","@id":"https:\/\/helene-nutrition.fr\/#\/schema\/person\/image\/","url":"https:\/\/helene-nutrition.fr\/wp-content\/uploads\/2026\/01\/logo.png","contentUrl":"https:\/\/helene-nutrition.fr\/wp-content\/uploads\/2026\/01\/logo.png","width":1024,"height":1024,"caption":"H\u00e9l\u00e8ne GODIER"},"logo":{"@id":"https:\/\/helene-nutrition.fr\/#\/schema\/person\/image\/"},"sameAs":["https:\/\/helene-nutrition.fr"]}]}},"_links":{"self":[{"href":"https:\/\/helene-nutrition.fr\/index.php\/wp-json\/wp\/v2\/pages\/135","targetHints":{"allow":["GET"]}}],"collection":[{"href":"https:\/\/helene-nutrition.fr\/index.php\/wp-json\/wp\/v2\/pages"}],"about":[{"href":"https:\/\/helene-nutrition.fr\/index.php\/wp-json\/wp\/v2\/types\/page"}],"author":[{"embeddable":true,"href":"https:\/\/helene-nutrition.fr\/index.php\/wp-json\/wp\/v2\/users\/1"}],"replies":[{"embeddable":true,"href":"https:\/\/helene-nutrition.fr\/index.php\/wp-json\/wp\/v2\/comments?post=135"}],"version-history":[{"count":2,"href":"https:\/\/helene-nutrition.fr\/index.php\/wp-json\/wp\/v2\/pages\/135\/revisions"}],"predecessor-version":[{"id":248,"href":"https:\/\/helene-nutrition.fr\/index.php\/wp-json\/wp\/v2\/pages\/135\/revisions\/248"}],"up":[{"embeddable":true,"href":"https:\/\/helene-nutrition.fr\/index.php\/wp-json\/wp\/v2\/pages\/120"}],"wp:attachment":[{"href":"https:\/\/helene-nutrition.fr\/index.php\/wp-json\/wp\/v2\/media?parent=135"}],"curies":[{"name":"wp","href":"https:\/\/api.w.org\/{rel}","templated":true}]}}