{"id":137,"date":"2026-02-12T20:40:52","date_gmt":"2026-02-12T19:40:52","guid":{"rendered":"https:\/\/helene-nutrition.fr\/?page_id=137"},"modified":"2026-02-12T22:20:17","modified_gmt":"2026-02-12T21:20:17","slug":"ameliorer-ou-proteger-votre-sante-cardiovasculaire","status":"publish","type":"page","link":"https:\/\/helene-nutrition.fr\/index.php\/consultations\/ameliorer-ou-proteger-votre-sante-cardiovasculaire\/","title":{"rendered":"Am\u00e9liorer ou prot\u00e9ger votre sant\u00e9 cardiovasculaire"},"content":{"rendered":"\n<p>Les maladies cardio-vasculaires, comme l\u2019hypertension, les maladies du c\u0153ur ou les AVC, sont tr\u00e8s fr\u00e9quentes, mais une grande partie de leurs facteurs de risque peut \u00eatre am\u00e9lior\u00e9e gr\u00e2ce \u00e0 l\u2019alimentation. En effet, ce que nous mangeons joue un r\u00f4le essentiel dans la pr\u00e9vention et la prise en charge de ces maladies.<\/p>\n\n\n\n<p><em>Comment r\u00e9guler votre tension art\u00e9rielle, votre cholest\u00e9rol et vos triglyc\u00e9rides&nbsp;?<\/em><em><\/em><\/p>\n\n\n\n<p>Adopter une alimentation \u00e9quilibr\u00e9e, riche en fruits et l\u00e9gumes, en poissons et en ol\u00e9agineux, tout en limitant le sel, le sucre et les graisses satur\u00e9es, aide \u00e0 mieux contr\u00f4ler la tension, le cholest\u00e9rol et les triglyc\u00e9rides. Associ\u00e9e \u00e0 une gestion du poids adapt\u00e9e, elle contribue \u00e0 prot\u00e9ger la sant\u00e9 du c\u0153ur. Ensemble, nous construirons un accompagnement nutritionnel personnalis\u00e9 pour vous aider \u00e0 faire les bons choix et \u00e0 am\u00e9liorer durablement votre qualit\u00e9 de vie.<\/p>\n","protected":false},"excerpt":{"rendered":"<p>Les maladies cardio-vasculaires, comme l\u2019hypertension, les maladies du c\u0153ur ou les AVC, sont tr\u00e8s fr\u00e9quentes, mais une grande partie de leurs facteurs de risque peut \u00eatre am\u00e9lior\u00e9e gr\u00e2ce \u00e0 l\u2019alimentation. En effet, ce que nous mangeons joue un r\u00f4le essentiel dans la pr\u00e9vention et la prise en charge de ces maladies. Comment r\u00e9guler votre tension [&hellip;]<\/p>\n","protected":false},"author":1,"featured_media":0,"parent":120,"menu_order":0,"comment_status":"closed","ping_status":"closed","template":"","meta":{"footnotes":""},"class_list":["post-137","page","type-page","status-publish","hentry"],"yoast_head":"<!-- This site is optimized with the Yoast SEO plugin v27.0 - https:\/\/yoast.com\/product\/yoast-seo-wordpress\/ -->\n<title>Am\u00e9liorer ou prot\u00e9ger votre sant\u00e9 cardiovasculaire - H\u00e9l\u00e8ne GODIER<\/title>\n<meta name=\"robots\" content=\"index, follow, max-snippet:-1, max-image-preview:large, max-video-preview:-1\" \/>\n<link rel=\"canonical\" href=\"https:\/\/helene-nutrition.fr\/index.php\/consultations\/ameliorer-ou-proteger-votre-sante-cardiovasculaire\/\" \/>\n<meta property=\"og:locale\" content=\"fr_FR\" \/>\n<meta property=\"og:type\" content=\"article\" \/>\n<meta property=\"og:title\" content=\"Am\u00e9liorer ou prot\u00e9ger votre sant\u00e9 cardiovasculaire - H\u00e9l\u00e8ne GODIER\" \/>\n<meta property=\"og:description\" content=\"Les maladies cardio-vasculaires, comme l\u2019hypertension, les maladies du c\u0153ur ou les AVC, sont tr\u00e8s fr\u00e9quentes, mais une grande partie de leurs facteurs de risque peut \u00eatre am\u00e9lior\u00e9e gr\u00e2ce \u00e0 l\u2019alimentation. En effet, ce que nous mangeons joue un r\u00f4le essentiel dans la pr\u00e9vention et la prise en charge de ces maladies. Comment r\u00e9guler votre tension [&hellip;]\" \/>\n<meta property=\"og:url\" content=\"https:\/\/helene-nutrition.fr\/index.php\/consultations\/ameliorer-ou-proteger-votre-sante-cardiovasculaire\/\" \/>\n<meta property=\"og:site_name\" content=\"H\u00e9l\u00e8ne GODIER\" \/>\n<meta property=\"article:modified_time\" content=\"2026-02-12T21:20:17+00:00\" \/>\n<meta name=\"twitter:card\" content=\"summary_large_image\" \/>\n<meta name=\"twitter:label1\" content=\"Dur\u00e9e de lecture estim\u00e9e\" \/>\n\t<meta name=\"twitter:data1\" content=\"1 minute\" \/>\n<script type=\"application\/ld+json\" class=\"yoast-schema-graph\">{\"@context\":\"https:\/\/schema.org\",\"@graph\":[{\"@type\":\"WebPage\",\"@id\":\"https:\/\/helene-nutrition.fr\/index.php\/consultations\/ameliorer-ou-proteger-votre-sante-cardiovasculaire\/\",\"url\":\"https:\/\/helene-nutrition.fr\/index.php\/consultations\/ameliorer-ou-proteger-votre-sante-cardiovasculaire\/\",\"name\":\"Am\u00e9liorer ou prot\u00e9ger votre sant\u00e9 cardiovasculaire - H\u00e9l\u00e8ne GODIER\",\"isPartOf\":{\"@id\":\"https:\/\/helene-nutrition.fr\/#website\"},\"datePublished\":\"2026-02-12T19:40:52+00:00\",\"dateModified\":\"2026-02-12T21:20:17+00:00\",\"breadcrumb\":{\"@id\":\"https:\/\/helene-nutrition.fr\/index.php\/consultations\/ameliorer-ou-proteger-votre-sante-cardiovasculaire\/#breadcrumb\"},\"inLanguage\":\"fr-FR\",\"potentialAction\":[{\"@type\":\"ReadAction\",\"target\":[\"https:\/\/helene-nutrition.fr\/index.php\/consultations\/ameliorer-ou-proteger-votre-sante-cardiovasculaire\/\"]}]},{\"@type\":\"BreadcrumbList\",\"@id\":\"https:\/\/helene-nutrition.fr\/index.php\/consultations\/ameliorer-ou-proteger-votre-sante-cardiovasculaire\/#breadcrumb\",\"itemListElement\":[{\"@type\":\"ListItem\",\"position\":1,\"name\":\"Accueil\",\"item\":\"https:\/\/helene-nutrition.fr\/\"},{\"@type\":\"ListItem\",\"position\":2,\"name\":\"Consultations\",\"item\":\"https:\/\/helene-nutrition.fr\/index.php\/consultations\/\"},{\"@type\":\"ListItem\",\"position\":3,\"name\":\"Am\u00e9liorer ou prot\u00e9ger votre sant\u00e9 cardiovasculaire\"}]},{\"@type\":\"WebSite\",\"@id\":\"https:\/\/helene-nutrition.fr\/#website\",\"url\":\"https:\/\/helene-nutrition.fr\/\",\"name\":\"H\u00e9l\u00e8ne GODIER\",\"description\":\"Di\u00e9t\u00e9ticienne nutritionniste\",\"publisher\":{\"@id\":\"https:\/\/helene-nutrition.fr\/#\/schema\/person\/8cb68e7764c3cc9f76ef52403998a98f\"},\"potentialAction\":[{\"@type\":\"SearchAction\",\"target\":{\"@type\":\"EntryPoint\",\"urlTemplate\":\"https:\/\/helene-nutrition.fr\/?s={search_term_string}\"},\"query-input\":{\"@type\":\"PropertyValueSpecification\",\"valueRequired\":true,\"valueName\":\"search_term_string\"}}],\"inLanguage\":\"fr-FR\"},{\"@type\":[\"Person\",\"Organization\"],\"@id\":\"https:\/\/helene-nutrition.fr\/#\/schema\/person\/8cb68e7764c3cc9f76ef52403998a98f\",\"name\":\"H\u00e9l\u00e8ne GODIER\",\"image\":{\"@type\":\"ImageObject\",\"inLanguage\":\"fr-FR\",\"@id\":\"https:\/\/helene-nutrition.fr\/#\/schema\/person\/image\/\",\"url\":\"https:\/\/helene-nutrition.fr\/wp-content\/uploads\/2026\/01\/logo.png\",\"contentUrl\":\"https:\/\/helene-nutrition.fr\/wp-content\/uploads\/2026\/01\/logo.png\",\"width\":1024,\"height\":1024,\"caption\":\"H\u00e9l\u00e8ne GODIER\"},\"logo\":{\"@id\":\"https:\/\/helene-nutrition.fr\/#\/schema\/person\/image\/\"},\"sameAs\":[\"https:\/\/helene-nutrition.fr\"]}]}<\/script>\n<!-- \/ Yoast SEO plugin. -->","yoast_head_json":{"title":"Am\u00e9liorer ou prot\u00e9ger votre sant\u00e9 cardiovasculaire - H\u00e9l\u00e8ne GODIER","robots":{"index":"index","follow":"follow","max-snippet":"max-snippet:-1","max-image-preview":"max-image-preview:large","max-video-preview":"max-video-preview:-1"},"canonical":"https:\/\/helene-nutrition.fr\/index.php\/consultations\/ameliorer-ou-proteger-votre-sante-cardiovasculaire\/","og_locale":"fr_FR","og_type":"article","og_title":"Am\u00e9liorer ou prot\u00e9ger votre sant\u00e9 cardiovasculaire - H\u00e9l\u00e8ne GODIER","og_description":"Les maladies cardio-vasculaires, comme l\u2019hypertension, les maladies du c\u0153ur ou les AVC, sont tr\u00e8s fr\u00e9quentes, mais une grande partie de leurs facteurs de risque peut \u00eatre am\u00e9lior\u00e9e gr\u00e2ce \u00e0 l\u2019alimentation. En effet, ce que nous mangeons joue un r\u00f4le essentiel dans la pr\u00e9vention et la prise en charge de ces maladies. Comment r\u00e9guler votre tension [&hellip;]","og_url":"https:\/\/helene-nutrition.fr\/index.php\/consultations\/ameliorer-ou-proteger-votre-sante-cardiovasculaire\/","og_site_name":"H\u00e9l\u00e8ne GODIER","article_modified_time":"2026-02-12T21:20:17+00:00","twitter_card":"summary_large_image","twitter_misc":{"Dur\u00e9e de lecture estim\u00e9e":"1 minute"},"schema":{"@context":"https:\/\/schema.org","@graph":[{"@type":"WebPage","@id":"https:\/\/helene-nutrition.fr\/index.php\/consultations\/ameliorer-ou-proteger-votre-sante-cardiovasculaire\/","url":"https:\/\/helene-nutrition.fr\/index.php\/consultations\/ameliorer-ou-proteger-votre-sante-cardiovasculaire\/","name":"Am\u00e9liorer ou prot\u00e9ger votre sant\u00e9 cardiovasculaire - H\u00e9l\u00e8ne GODIER","isPartOf":{"@id":"https:\/\/helene-nutrition.fr\/#website"},"datePublished":"2026-02-12T19:40:52+00:00","dateModified":"2026-02-12T21:20:17+00:00","breadcrumb":{"@id":"https:\/\/helene-nutrition.fr\/index.php\/consultations\/ameliorer-ou-proteger-votre-sante-cardiovasculaire\/#breadcrumb"},"inLanguage":"fr-FR","potentialAction":[{"@type":"ReadAction","target":["https:\/\/helene-nutrition.fr\/index.php\/consultations\/ameliorer-ou-proteger-votre-sante-cardiovasculaire\/"]}]},{"@type":"BreadcrumbList","@id":"https:\/\/helene-nutrition.fr\/index.php\/consultations\/ameliorer-ou-proteger-votre-sante-cardiovasculaire\/#breadcrumb","itemListElement":[{"@type":"ListItem","position":1,"name":"Accueil","item":"https:\/\/helene-nutrition.fr\/"},{"@type":"ListItem","position":2,"name":"Consultations","item":"https:\/\/helene-nutrition.fr\/index.php\/consultations\/"},{"@type":"ListItem","position":3,"name":"Am\u00e9liorer ou prot\u00e9ger votre sant\u00e9 cardiovasculaire"}]},{"@type":"WebSite","@id":"https:\/\/helene-nutrition.fr\/#website","url":"https:\/\/helene-nutrition.fr\/","name":"H\u00e9l\u00e8ne GODIER","description":"Di\u00e9t\u00e9ticienne nutritionniste","publisher":{"@id":"https:\/\/helene-nutrition.fr\/#\/schema\/person\/8cb68e7764c3cc9f76ef52403998a98f"},"potentialAction":[{"@type":"SearchAction","target":{"@type":"EntryPoint","urlTemplate":"https:\/\/helene-nutrition.fr\/?s={search_term_string}"},"query-input":{"@type":"PropertyValueSpecification","valueRequired":true,"valueName":"search_term_string"}}],"inLanguage":"fr-FR"},{"@type":["Person","Organization"],"@id":"https:\/\/helene-nutrition.fr\/#\/schema\/person\/8cb68e7764c3cc9f76ef52403998a98f","name":"H\u00e9l\u00e8ne GODIER","image":{"@type":"ImageObject","inLanguage":"fr-FR","@id":"https:\/\/helene-nutrition.fr\/#\/schema\/person\/image\/","url":"https:\/\/helene-nutrition.fr\/wp-content\/uploads\/2026\/01\/logo.png","contentUrl":"https:\/\/helene-nutrition.fr\/wp-content\/uploads\/2026\/01\/logo.png","width":1024,"height":1024,"caption":"H\u00e9l\u00e8ne GODIER"},"logo":{"@id":"https:\/\/helene-nutrition.fr\/#\/schema\/person\/image\/"},"sameAs":["https:\/\/helene-nutrition.fr"]}]}},"_links":{"self":[{"href":"https:\/\/helene-nutrition.fr\/index.php\/wp-json\/wp\/v2\/pages\/137","targetHints":{"allow":["GET"]}}],"collection":[{"href":"https:\/\/helene-nutrition.fr\/index.php\/wp-json\/wp\/v2\/pages"}],"about":[{"href":"https:\/\/helene-nutrition.fr\/index.php\/wp-json\/wp\/v2\/types\/page"}],"author":[{"embeddable":true,"href":"https:\/\/helene-nutrition.fr\/index.php\/wp-json\/wp\/v2\/users\/1"}],"replies":[{"embeddable":true,"href":"https:\/\/helene-nutrition.fr\/index.php\/wp-json\/wp\/v2\/comments?post=137"}],"version-history":[{"count":2,"href":"https:\/\/helene-nutrition.fr\/index.php\/wp-json\/wp\/v2\/pages\/137\/revisions"}],"predecessor-version":[{"id":250,"href":"https:\/\/helene-nutrition.fr\/index.php\/wp-json\/wp\/v2\/pages\/137\/revisions\/250"}],"up":[{"embeddable":true,"href":"https:\/\/helene-nutrition.fr\/index.php\/wp-json\/wp\/v2\/pages\/120"}],"wp:attachment":[{"href":"https:\/\/helene-nutrition.fr\/index.php\/wp-json\/wp\/v2\/media?parent=137"}],"curies":[{"name":"wp","href":"https:\/\/api.w.org\/{rel}","templated":true}]}}