{"id":141,"date":"2026-02-12T20:41:44","date_gmt":"2026-02-12T19:41:44","guid":{"rendered":"https:\/\/helene-nutrition.fr\/?page_id=141"},"modified":"2026-02-12T22:21:03","modified_gmt":"2026-02-12T21:21:03","slug":"accompagner-la-prise-en-charge-nutritionnelle-en-cancerologie","status":"publish","type":"page","link":"https:\/\/helene-nutrition.fr\/index.php\/consultations\/accompagner-la-prise-en-charge-nutritionnelle-en-cancerologie\/","title":{"rendered":"Accompagner la prise en charge nutritionnelle en canc\u00e9rologie"},"content":{"rendered":"\n<ul class=\"wp-block-list\">\n<li>Suivi nutritionnel<\/li>\n<\/ul>\n\n\n\n<p>J\u2019accompagne les personnes touch\u00e9es par un cancer gr\u00e2ce \u00e0 des consultations personnalis\u00e9es, pens\u00e9es pour s\u2019adapter \u00e0 votre situation et \u00e0 vos besoins sp\u00e9cifiques. Ces rendez-vous peuvent se d\u00e9rouler en pr\u00e9sence d\u2019un ou de plusieurs proches, si vous le souhaitez.<\/p>\n\n\n\n<p>Mon objectif est de vous aider \u00e0 pr\u00e9server une alimentation adapt\u00e9e pendant les traitements, tout en maintenant le plaisir de manger au quotidien.<\/p>\n\n\n\n<ul class=\"wp-block-list\">\n<li>Une alimentation adapt\u00e9e \u00e0 votre parcours<\/li>\n<\/ul>\n\n\n\n<p>Une alimentation appropri\u00e9e peut contribuer \u00e0 mieux vivre les traitements.<br>Certains protocoles anticanc\u00e9reux, comme la chimioth\u00e9rapie, peuvent entra\u00eener des effets secondaires tels que des naus\u00e9es, des vomissements, une diminution de l\u2019app\u00e9tit ou encore des modifications du go\u00fbt et de l\u2019odorat, pouvant impacter les apports nutritionnels.<\/p>\n\n\n\n<p>D\u00e8s la premi\u00e8re consultation, je vous accompagne avec une \u00e9coute attentive afin d\u2019ajuster votre alimentation en fonction de vos ressentis et de l\u2019\u00e9volution de vos besoins.<\/p>\n\n\n\n<ul class=\"wp-block-list\">\n<li>Conseils pratiques et accompagnement sur mesure<\/li>\n<\/ul>\n\n\n\n<p>Des solutions concr\u00e8tes pour continuer \u00e0 manger avec plaisir malgr\u00e9 la maladie.<\/p>\n\n\n\n<p>Je vous propose un accompagnement personnalis\u00e9 incluant :<\/p>\n\n\n\n<ul class=\"wp-block-list\">\n<li>Des recettes simples et adapt\u00e9es \u00e0 vos besoins et \u00e0 vos traitements,<\/li>\n\n\n\n<li>Des conseils pratiques pour mieux g\u00e9rer les troubles alimentaires,<\/li>\n\n\n\n<li>Un suivi \u00e9volutif tout au long de votre parcours de soins,<\/li>\n\n\n\n<li>Une prise en charge bienveillante, dans le respect de votre rythme et de vos priorit\u00e9s.<\/li>\n<\/ul>\n\n\n\n<p>Je suis \u00e9galement r\u00e9f\u00e9renc\u00e9e au sein du r\u00e9seau ONCODIETS, premier r\u00e9seau de di\u00e9t\u00e9ticiens lib\u00e9raux sp\u00e9cialis\u00e9s en canc\u00e9rologie.<\/p>\n","protected":false},"excerpt":{"rendered":"<p>J\u2019accompagne les personnes touch\u00e9es par un cancer gr\u00e2ce \u00e0 des consultations personnalis\u00e9es, pens\u00e9es pour s\u2019adapter \u00e0 votre situation et \u00e0 vos besoins sp\u00e9cifiques. Ces rendez-vous peuvent se d\u00e9rouler en pr\u00e9sence d\u2019un ou de plusieurs proches, si vous le souhaitez. Mon objectif est de vous aider \u00e0 pr\u00e9server une alimentation adapt\u00e9e pendant les traitements, tout en [&hellip;]<\/p>\n","protected":false},"author":1,"featured_media":0,"parent":120,"menu_order":0,"comment_status":"closed","ping_status":"closed","template":"","meta":{"footnotes":""},"class_list":["post-141","page","type-page","status-publish","hentry"],"yoast_head":"<!-- This site is optimized with the Yoast SEO plugin v27.0 - https:\/\/yoast.com\/product\/yoast-seo-wordpress\/ -->\n<title>Accompagner la prise en charge nutritionnelle en canc\u00e9rologie - H\u00e9l\u00e8ne GODIER<\/title>\n<meta name=\"robots\" content=\"index, follow, max-snippet:-1, max-image-preview:large, max-video-preview:-1\" \/>\n<link rel=\"canonical\" href=\"https:\/\/helene-nutrition.fr\/index.php\/consultations\/accompagner-la-prise-en-charge-nutritionnelle-en-cancerologie\/\" \/>\n<meta property=\"og:locale\" content=\"fr_FR\" \/>\n<meta property=\"og:type\" content=\"article\" \/>\n<meta property=\"og:title\" content=\"Accompagner la prise en charge nutritionnelle en canc\u00e9rologie - H\u00e9l\u00e8ne GODIER\" \/>\n<meta property=\"og:description\" content=\"J\u2019accompagne les personnes touch\u00e9es par un cancer gr\u00e2ce \u00e0 des consultations personnalis\u00e9es, pens\u00e9es pour s\u2019adapter \u00e0 votre situation et \u00e0 vos besoins sp\u00e9cifiques. Ces rendez-vous peuvent se d\u00e9rouler en pr\u00e9sence d\u2019un ou de plusieurs proches, si vous le souhaitez. Mon objectif est de vous aider \u00e0 pr\u00e9server une alimentation adapt\u00e9e pendant les traitements, tout en [&hellip;]\" \/>\n<meta property=\"og:url\" content=\"https:\/\/helene-nutrition.fr\/index.php\/consultations\/accompagner-la-prise-en-charge-nutritionnelle-en-cancerologie\/\" \/>\n<meta property=\"og:site_name\" content=\"H\u00e9l\u00e8ne GODIER\" \/>\n<meta property=\"article:modified_time\" content=\"2026-02-12T21:21:03+00:00\" \/>\n<meta name=\"twitter:card\" content=\"summary_large_image\" \/>\n<meta name=\"twitter:label1\" content=\"Dur\u00e9e de lecture estim\u00e9e\" \/>\n\t<meta name=\"twitter:data1\" content=\"1 minute\" \/>\n<script type=\"application\/ld+json\" class=\"yoast-schema-graph\">{\"@context\":\"https:\/\/schema.org\",\"@graph\":[{\"@type\":\"WebPage\",\"@id\":\"https:\/\/helene-nutrition.fr\/index.php\/consultations\/accompagner-la-prise-en-charge-nutritionnelle-en-cancerologie\/\",\"url\":\"https:\/\/helene-nutrition.fr\/index.php\/consultations\/accompagner-la-prise-en-charge-nutritionnelle-en-cancerologie\/\",\"name\":\"Accompagner la prise en charge nutritionnelle en canc\u00e9rologie - H\u00e9l\u00e8ne GODIER\",\"isPartOf\":{\"@id\":\"https:\/\/helene-nutrition.fr\/#website\"},\"datePublished\":\"2026-02-12T19:41:44+00:00\",\"dateModified\":\"2026-02-12T21:21:03+00:00\",\"breadcrumb\":{\"@id\":\"https:\/\/helene-nutrition.fr\/index.php\/consultations\/accompagner-la-prise-en-charge-nutritionnelle-en-cancerologie\/#breadcrumb\"},\"inLanguage\":\"fr-FR\",\"potentialAction\":[{\"@type\":\"ReadAction\",\"target\":[\"https:\/\/helene-nutrition.fr\/index.php\/consultations\/accompagner-la-prise-en-charge-nutritionnelle-en-cancerologie\/\"]}]},{\"@type\":\"BreadcrumbList\",\"@id\":\"https:\/\/helene-nutrition.fr\/index.php\/consultations\/accompagner-la-prise-en-charge-nutritionnelle-en-cancerologie\/#breadcrumb\",\"itemListElement\":[{\"@type\":\"ListItem\",\"position\":1,\"name\":\"Accueil\",\"item\":\"https:\/\/helene-nutrition.fr\/\"},{\"@type\":\"ListItem\",\"position\":2,\"name\":\"Consultations\",\"item\":\"https:\/\/helene-nutrition.fr\/index.php\/consultations\/\"},{\"@type\":\"ListItem\",\"position\":3,\"name\":\"Accompagner la prise en charge nutritionnelle en canc\u00e9rologie\"}]},{\"@type\":\"WebSite\",\"@id\":\"https:\/\/helene-nutrition.fr\/#website\",\"url\":\"https:\/\/helene-nutrition.fr\/\",\"name\":\"H\u00e9l\u00e8ne GODIER\",\"description\":\"Di\u00e9t\u00e9ticienne nutritionniste\",\"publisher\":{\"@id\":\"https:\/\/helene-nutrition.fr\/#\/schema\/person\/8cb68e7764c3cc9f76ef52403998a98f\"},\"potentialAction\":[{\"@type\":\"SearchAction\",\"target\":{\"@type\":\"EntryPoint\",\"urlTemplate\":\"https:\/\/helene-nutrition.fr\/?s={search_term_string}\"},\"query-input\":{\"@type\":\"PropertyValueSpecification\",\"valueRequired\":true,\"valueName\":\"search_term_string\"}}],\"inLanguage\":\"fr-FR\"},{\"@type\":[\"Person\",\"Organization\"],\"@id\":\"https:\/\/helene-nutrition.fr\/#\/schema\/person\/8cb68e7764c3cc9f76ef52403998a98f\",\"name\":\"H\u00e9l\u00e8ne GODIER\",\"image\":{\"@type\":\"ImageObject\",\"inLanguage\":\"fr-FR\",\"@id\":\"https:\/\/helene-nutrition.fr\/#\/schema\/person\/image\/\",\"url\":\"https:\/\/helene-nutrition.fr\/wp-content\/uploads\/2026\/01\/logo.png\",\"contentUrl\":\"https:\/\/helene-nutrition.fr\/wp-content\/uploads\/2026\/01\/logo.png\",\"width\":1024,\"height\":1024,\"caption\":\"H\u00e9l\u00e8ne GODIER\"},\"logo\":{\"@id\":\"https:\/\/helene-nutrition.fr\/#\/schema\/person\/image\/\"},\"sameAs\":[\"https:\/\/helene-nutrition.fr\"]}]}<\/script>\n<!-- \/ Yoast SEO plugin. -->","yoast_head_json":{"title":"Accompagner la prise en charge nutritionnelle en canc\u00e9rologie - H\u00e9l\u00e8ne GODIER","robots":{"index":"index","follow":"follow","max-snippet":"max-snippet:-1","max-image-preview":"max-image-preview:large","max-video-preview":"max-video-preview:-1"},"canonical":"https:\/\/helene-nutrition.fr\/index.php\/consultations\/accompagner-la-prise-en-charge-nutritionnelle-en-cancerologie\/","og_locale":"fr_FR","og_type":"article","og_title":"Accompagner la prise en charge nutritionnelle en canc\u00e9rologie - H\u00e9l\u00e8ne GODIER","og_description":"J\u2019accompagne les personnes touch\u00e9es par un cancer gr\u00e2ce \u00e0 des consultations personnalis\u00e9es, pens\u00e9es pour s\u2019adapter \u00e0 votre situation et \u00e0 vos besoins sp\u00e9cifiques. Ces rendez-vous peuvent se d\u00e9rouler en pr\u00e9sence d\u2019un ou de plusieurs proches, si vous le souhaitez. Mon objectif est de vous aider \u00e0 pr\u00e9server une alimentation adapt\u00e9e pendant les traitements, tout en [&hellip;]","og_url":"https:\/\/helene-nutrition.fr\/index.php\/consultations\/accompagner-la-prise-en-charge-nutritionnelle-en-cancerologie\/","og_site_name":"H\u00e9l\u00e8ne GODIER","article_modified_time":"2026-02-12T21:21:03+00:00","twitter_card":"summary_large_image","twitter_misc":{"Dur\u00e9e de lecture estim\u00e9e":"1 minute"},"schema":{"@context":"https:\/\/schema.org","@graph":[{"@type":"WebPage","@id":"https:\/\/helene-nutrition.fr\/index.php\/consultations\/accompagner-la-prise-en-charge-nutritionnelle-en-cancerologie\/","url":"https:\/\/helene-nutrition.fr\/index.php\/consultations\/accompagner-la-prise-en-charge-nutritionnelle-en-cancerologie\/","name":"Accompagner la prise en charge nutritionnelle en canc\u00e9rologie - H\u00e9l\u00e8ne GODIER","isPartOf":{"@id":"https:\/\/helene-nutrition.fr\/#website"},"datePublished":"2026-02-12T19:41:44+00:00","dateModified":"2026-02-12T21:21:03+00:00","breadcrumb":{"@id":"https:\/\/helene-nutrition.fr\/index.php\/consultations\/accompagner-la-prise-en-charge-nutritionnelle-en-cancerologie\/#breadcrumb"},"inLanguage":"fr-FR","potentialAction":[{"@type":"ReadAction","target":["https:\/\/helene-nutrition.fr\/index.php\/consultations\/accompagner-la-prise-en-charge-nutritionnelle-en-cancerologie\/"]}]},{"@type":"BreadcrumbList","@id":"https:\/\/helene-nutrition.fr\/index.php\/consultations\/accompagner-la-prise-en-charge-nutritionnelle-en-cancerologie\/#breadcrumb","itemListElement":[{"@type":"ListItem","position":1,"name":"Accueil","item":"https:\/\/helene-nutrition.fr\/"},{"@type":"ListItem","position":2,"name":"Consultations","item":"https:\/\/helene-nutrition.fr\/index.php\/consultations\/"},{"@type":"ListItem","position":3,"name":"Accompagner la prise en charge nutritionnelle en canc\u00e9rologie"}]},{"@type":"WebSite","@id":"https:\/\/helene-nutrition.fr\/#website","url":"https:\/\/helene-nutrition.fr\/","name":"H\u00e9l\u00e8ne GODIER","description":"Di\u00e9t\u00e9ticienne nutritionniste","publisher":{"@id":"https:\/\/helene-nutrition.fr\/#\/schema\/person\/8cb68e7764c3cc9f76ef52403998a98f"},"potentialAction":[{"@type":"SearchAction","target":{"@type":"EntryPoint","urlTemplate":"https:\/\/helene-nutrition.fr\/?s={search_term_string}"},"query-input":{"@type":"PropertyValueSpecification","valueRequired":true,"valueName":"search_term_string"}}],"inLanguage":"fr-FR"},{"@type":["Person","Organization"],"@id":"https:\/\/helene-nutrition.fr\/#\/schema\/person\/8cb68e7764c3cc9f76ef52403998a98f","name":"H\u00e9l\u00e8ne GODIER","image":{"@type":"ImageObject","inLanguage":"fr-FR","@id":"https:\/\/helene-nutrition.fr\/#\/schema\/person\/image\/","url":"https:\/\/helene-nutrition.fr\/wp-content\/uploads\/2026\/01\/logo.png","contentUrl":"https:\/\/helene-nutrition.fr\/wp-content\/uploads\/2026\/01\/logo.png","width":1024,"height":1024,"caption":"H\u00e9l\u00e8ne GODIER"},"logo":{"@id":"https:\/\/helene-nutrition.fr\/#\/schema\/person\/image\/"},"sameAs":["https:\/\/helene-nutrition.fr"]}]}},"_links":{"self":[{"href":"https:\/\/helene-nutrition.fr\/index.php\/wp-json\/wp\/v2\/pages\/141","targetHints":{"allow":["GET"]}}],"collection":[{"href":"https:\/\/helene-nutrition.fr\/index.php\/wp-json\/wp\/v2\/pages"}],"about":[{"href":"https:\/\/helene-nutrition.fr\/index.php\/wp-json\/wp\/v2\/types\/page"}],"author":[{"embeddable":true,"href":"https:\/\/helene-nutrition.fr\/index.php\/wp-json\/wp\/v2\/users\/1"}],"replies":[{"embeddable":true,"href":"https:\/\/helene-nutrition.fr\/index.php\/wp-json\/wp\/v2\/comments?post=141"}],"version-history":[{"count":2,"href":"https:\/\/helene-nutrition.fr\/index.php\/wp-json\/wp\/v2\/pages\/141\/revisions"}],"predecessor-version":[{"id":254,"href":"https:\/\/helene-nutrition.fr\/index.php\/wp-json\/wp\/v2\/pages\/141\/revisions\/254"}],"up":[{"embeddable":true,"href":"https:\/\/helene-nutrition.fr\/index.php\/wp-json\/wp\/v2\/pages\/120"}],"wp:attachment":[{"href":"https:\/\/helene-nutrition.fr\/index.php\/wp-json\/wp\/v2\/media?parent=141"}],"curies":[{"name":"wp","href":"https:\/\/api.w.org\/{rel}","templated":true}]}}