{"id":195,"date":"2026-02-12T21:26:13","date_gmt":"2026-02-12T20:26:13","guid":{"rendered":"https:\/\/helene-nutrition.fr\/?page_id=195"},"modified":"2026-02-12T21:47:33","modified_gmt":"2026-02-12T20:47:33","slug":"atelier-animations","status":"publish","type":"page","link":"https:\/\/helene-nutrition.fr\/index.php\/atelier-animations\/","title":{"rendered":"Ateliers \/ Animations"},"content":{"rendered":"\n<div class=\"wp-block-group is-layout-constrained wp-container-core-group-is-layout-9023d10d wp-block-group-is-layout-constrained\" style=\"padding-top:var(--wp--preset--spacing--50);padding-right:var(--wp--preset--spacing--50);padding-bottom:var(--wp--preset--spacing--80);padding-left:var(--wp--preset--spacing--50)\"><h2 class=\"wp-block-post-title\">Ateliers \/ Animations<\/h2>\n\n\n<p><strong>Pourquoi organiser une animation autour de l&rsquo;alimentation dans votre structure ?<\/strong><\/p>\n\n\n\n<p>L\u2019alimentation nous concerne tous. Elle est intimement li\u00e9e \u00e0 notre bien-\u00eatre et notre sant\u00e9. C\u2019est pourquoi il est essentiel de&nbsp;sensibiliser tous les publics \u00e0 l\u2019importance d\u2019adopter une bonne alimentation.<\/p>\n\n\n\n<p>La pr\u00e9vention sant\u00e9 se construit au c\u0153ur de la ville, aussi bien dans les \u00e9coles que sur les lieux de travail et dans les EHPAD.<\/p>\n\n\n\n<p>Ces conf\u00e9rences ou atelier peuvent s\u2019int\u00e9grer \u00e0 votre programme d\u2019\u00e9v\u00e8nements, par exemple\u00a0:<\/p>\n\n\n\n<ul class=\"wp-block-list\">\n<li>La semaine nationale de la d\u00e9nutrition<\/li>\n\n\n\n<li>La semaine nationale de pr\u00e9vention du diab\u00e8te<\/li>\n\n\n\n<li>La semaine du Go\u00fbt\u00a0<\/li>\n\n\n\n<li>Journ\u00e9e ou mois sans tabac<\/li>\n\n\n\n<li>\u2026<\/li>\n<\/ul>\n\n\n\n<p>Les interventions peuvent \u00e9galement prendre la forme d\u2019ateliers culinaires&nbsp;adapt\u00e9s au public (enfants, adultes, seniors\u2026) dans votre structure (association, maison de retraite\u2026)<\/p>\n\n\n\n<p>Voici quelques exemples de conf\u00e9rences ou ateliers qui peuvent \u00eatre adapt\u00e9s, enrichis en fonction de vos attentes.<\/p>\n\n\n\n<ul class=\"wp-block-list\">\n<li>Manger mieux pour vivre mieux<\/li>\n\n\n\n<li>Prendre soin de votre sant\u00e9 gr\u00e2ce \u00e0 l\u2019alimentation<\/li>\n\n\n\n<li>Animation sur le th\u00e8me du Petit D\u00e9jeuner<\/li>\n\n\n\n<li>Qu\u2019avons-nous dans nos assiettes ? \u201cLecture des \u00e9tiquettes\u201d <\/li>\n\n\n\n<li>L\u2019alimentation des seniors<\/li>\n<\/ul>\n<\/div>\n","protected":false},"excerpt":{"rendered":"<p>Pourquoi organiser une animation autour de l&rsquo;alimentation dans votre structure ? L\u2019alimentation nous concerne tous. Elle est intimement li\u00e9e \u00e0 notre bien-\u00eatre et notre sant\u00e9. C\u2019est pourquoi il est essentiel de&nbsp;sensibiliser tous les publics \u00e0 l\u2019importance d\u2019adopter une bonne alimentation. La pr\u00e9vention sant\u00e9 se construit au c\u0153ur de la ville, aussi bien dans les \u00e9coles [&hellip;]<\/p>\n","protected":false},"author":1,"featured_media":0,"parent":0,"menu_order":0,"comment_status":"closed","ping_status":"closed","template":"template-plain","meta":{"footnotes":""},"class_list":["post-195","page","type-page","status-publish","hentry"],"yoast_head":"<!-- This site is optimized with the Yoast SEO plugin v27.0 - https:\/\/yoast.com\/product\/yoast-seo-wordpress\/ -->\n<title>Ateliers \/ Animations - H\u00e9l\u00e8ne GODIER<\/title>\n<meta name=\"robots\" content=\"index, follow, max-snippet:-1, max-image-preview:large, max-video-preview:-1\" \/>\n<link rel=\"canonical\" href=\"https:\/\/helene-nutrition.fr\/index.php\/atelier-animations\/\" \/>\n<meta property=\"og:locale\" content=\"fr_FR\" \/>\n<meta property=\"og:type\" content=\"article\" \/>\n<meta property=\"og:title\" content=\"Ateliers \/ Animations - H\u00e9l\u00e8ne GODIER\" \/>\n<meta property=\"og:description\" content=\"Pourquoi organiser une animation autour de l&rsquo;alimentation dans votre structure ? L\u2019alimentation nous concerne tous. Elle est intimement li\u00e9e \u00e0 notre bien-\u00eatre et notre sant\u00e9. C\u2019est pourquoi il est essentiel de&nbsp;sensibiliser tous les publics \u00e0 l\u2019importance d\u2019adopter une bonne alimentation. La pr\u00e9vention sant\u00e9 se construit au c\u0153ur de la ville, aussi bien dans les \u00e9coles [&hellip;]\" \/>\n<meta property=\"og:url\" content=\"https:\/\/helene-nutrition.fr\/index.php\/atelier-animations\/\" \/>\n<meta property=\"og:site_name\" content=\"H\u00e9l\u00e8ne GODIER\" \/>\n<meta property=\"article:modified_time\" content=\"2026-02-12T20:47:33+00:00\" \/>\n<meta name=\"twitter:card\" content=\"summary_large_image\" \/>\n<meta name=\"twitter:label1\" content=\"Dur\u00e9e de lecture estim\u00e9e\" \/>\n\t<meta name=\"twitter:data1\" content=\"1 minute\" \/>\n<script type=\"application\/ld+json\" class=\"yoast-schema-graph\">{\"@context\":\"https:\/\/schema.org\",\"@graph\":[{\"@type\":\"WebPage\",\"@id\":\"https:\/\/helene-nutrition.fr\/index.php\/atelier-animations\/\",\"url\":\"https:\/\/helene-nutrition.fr\/index.php\/atelier-animations\/\",\"name\":\"Ateliers \/ Animations - H\u00e9l\u00e8ne GODIER\",\"isPartOf\":{\"@id\":\"https:\/\/helene-nutrition.fr\/#website\"},\"datePublished\":\"2026-02-12T20:26:13+00:00\",\"dateModified\":\"2026-02-12T20:47:33+00:00\",\"breadcrumb\":{\"@id\":\"https:\/\/helene-nutrition.fr\/index.php\/atelier-animations\/#breadcrumb\"},\"inLanguage\":\"fr-FR\",\"potentialAction\":[{\"@type\":\"ReadAction\",\"target\":[\"https:\/\/helene-nutrition.fr\/index.php\/atelier-animations\/\"]}]},{\"@type\":\"BreadcrumbList\",\"@id\":\"https:\/\/helene-nutrition.fr\/index.php\/atelier-animations\/#breadcrumb\",\"itemListElement\":[{\"@type\":\"ListItem\",\"position\":1,\"name\":\"Accueil\",\"item\":\"https:\/\/helene-nutrition.fr\/\"},{\"@type\":\"ListItem\",\"position\":2,\"name\":\"Ateliers \/ Animations\"}]},{\"@type\":\"WebSite\",\"@id\":\"https:\/\/helene-nutrition.fr\/#website\",\"url\":\"https:\/\/helene-nutrition.fr\/\",\"name\":\"H\u00e9l\u00e8ne GODIER\",\"description\":\"Di\u00e9t\u00e9ticienne nutritionniste\",\"publisher\":{\"@id\":\"https:\/\/helene-nutrition.fr\/#\/schema\/person\/8cb68e7764c3cc9f76ef52403998a98f\"},\"potentialAction\":[{\"@type\":\"SearchAction\",\"target\":{\"@type\":\"EntryPoint\",\"urlTemplate\":\"https:\/\/helene-nutrition.fr\/?s={search_term_string}\"},\"query-input\":{\"@type\":\"PropertyValueSpecification\",\"valueRequired\":true,\"valueName\":\"search_term_string\"}}],\"inLanguage\":\"fr-FR\"},{\"@type\":[\"Person\",\"Organization\"],\"@id\":\"https:\/\/helene-nutrition.fr\/#\/schema\/person\/8cb68e7764c3cc9f76ef52403998a98f\",\"name\":\"H\u00e9l\u00e8ne GODIER\",\"image\":{\"@type\":\"ImageObject\",\"inLanguage\":\"fr-FR\",\"@id\":\"https:\/\/helene-nutrition.fr\/#\/schema\/person\/image\/\",\"url\":\"https:\/\/helene-nutrition.fr\/wp-content\/uploads\/2026\/01\/logo.png\",\"contentUrl\":\"https:\/\/helene-nutrition.fr\/wp-content\/uploads\/2026\/01\/logo.png\",\"width\":1024,\"height\":1024,\"caption\":\"H\u00e9l\u00e8ne GODIER\"},\"logo\":{\"@id\":\"https:\/\/helene-nutrition.fr\/#\/schema\/person\/image\/\"},\"sameAs\":[\"https:\/\/helene-nutrition.fr\"]}]}<\/script>\n<!-- \/ Yoast SEO plugin. -->","yoast_head_json":{"title":"Ateliers \/ Animations - H\u00e9l\u00e8ne GODIER","robots":{"index":"index","follow":"follow","max-snippet":"max-snippet:-1","max-image-preview":"max-image-preview:large","max-video-preview":"max-video-preview:-1"},"canonical":"https:\/\/helene-nutrition.fr\/index.php\/atelier-animations\/","og_locale":"fr_FR","og_type":"article","og_title":"Ateliers \/ Animations - H\u00e9l\u00e8ne GODIER","og_description":"Pourquoi organiser une animation autour de l&rsquo;alimentation dans votre structure ? L\u2019alimentation nous concerne tous. Elle est intimement li\u00e9e \u00e0 notre bien-\u00eatre et notre sant\u00e9. C\u2019est pourquoi il est essentiel de&nbsp;sensibiliser tous les publics \u00e0 l\u2019importance d\u2019adopter une bonne alimentation. La pr\u00e9vention sant\u00e9 se construit au c\u0153ur de la ville, aussi bien dans les \u00e9coles [&hellip;]","og_url":"https:\/\/helene-nutrition.fr\/index.php\/atelier-animations\/","og_site_name":"H\u00e9l\u00e8ne GODIER","article_modified_time":"2026-02-12T20:47:33+00:00","twitter_card":"summary_large_image","twitter_misc":{"Dur\u00e9e de lecture estim\u00e9e":"1 minute"},"schema":{"@context":"https:\/\/schema.org","@graph":[{"@type":"WebPage","@id":"https:\/\/helene-nutrition.fr\/index.php\/atelier-animations\/","url":"https:\/\/helene-nutrition.fr\/index.php\/atelier-animations\/","name":"Ateliers \/ Animations - H\u00e9l\u00e8ne GODIER","isPartOf":{"@id":"https:\/\/helene-nutrition.fr\/#website"},"datePublished":"2026-02-12T20:26:13+00:00","dateModified":"2026-02-12T20:47:33+00:00","breadcrumb":{"@id":"https:\/\/helene-nutrition.fr\/index.php\/atelier-animations\/#breadcrumb"},"inLanguage":"fr-FR","potentialAction":[{"@type":"ReadAction","target":["https:\/\/helene-nutrition.fr\/index.php\/atelier-animations\/"]}]},{"@type":"BreadcrumbList","@id":"https:\/\/helene-nutrition.fr\/index.php\/atelier-animations\/#breadcrumb","itemListElement":[{"@type":"ListItem","position":1,"name":"Accueil","item":"https:\/\/helene-nutrition.fr\/"},{"@type":"ListItem","position":2,"name":"Ateliers \/ Animations"}]},{"@type":"WebSite","@id":"https:\/\/helene-nutrition.fr\/#website","url":"https:\/\/helene-nutrition.fr\/","name":"H\u00e9l\u00e8ne GODIER","description":"Di\u00e9t\u00e9ticienne nutritionniste","publisher":{"@id":"https:\/\/helene-nutrition.fr\/#\/schema\/person\/8cb68e7764c3cc9f76ef52403998a98f"},"potentialAction":[{"@type":"SearchAction","target":{"@type":"EntryPoint","urlTemplate":"https:\/\/helene-nutrition.fr\/?s={search_term_string}"},"query-input":{"@type":"PropertyValueSpecification","valueRequired":true,"valueName":"search_term_string"}}],"inLanguage":"fr-FR"},{"@type":["Person","Organization"],"@id":"https:\/\/helene-nutrition.fr\/#\/schema\/person\/8cb68e7764c3cc9f76ef52403998a98f","name":"H\u00e9l\u00e8ne GODIER","image":{"@type":"ImageObject","inLanguage":"fr-FR","@id":"https:\/\/helene-nutrition.fr\/#\/schema\/person\/image\/","url":"https:\/\/helene-nutrition.fr\/wp-content\/uploads\/2026\/01\/logo.png","contentUrl":"https:\/\/helene-nutrition.fr\/wp-content\/uploads\/2026\/01\/logo.png","width":1024,"height":1024,"caption":"H\u00e9l\u00e8ne GODIER"},"logo":{"@id":"https:\/\/helene-nutrition.fr\/#\/schema\/person\/image\/"},"sameAs":["https:\/\/helene-nutrition.fr"]}]}},"_links":{"self":[{"href":"https:\/\/helene-nutrition.fr\/index.php\/wp-json\/wp\/v2\/pages\/195","targetHints":{"allow":["GET"]}}],"collection":[{"href":"https:\/\/helene-nutrition.fr\/index.php\/wp-json\/wp\/v2\/pages"}],"about":[{"href":"https:\/\/helene-nutrition.fr\/index.php\/wp-json\/wp\/v2\/types\/page"}],"author":[{"embeddable":true,"href":"https:\/\/helene-nutrition.fr\/index.php\/wp-json\/wp\/v2\/users\/1"}],"replies":[{"embeddable":true,"href":"https:\/\/helene-nutrition.fr\/index.php\/wp-json\/wp\/v2\/comments?post=195"}],"version-history":[{"count":9,"href":"https:\/\/helene-nutrition.fr\/index.php\/wp-json\/wp\/v2\/pages\/195\/revisions"}],"predecessor-version":[{"id":230,"href":"https:\/\/helene-nutrition.fr\/index.php\/wp-json\/wp\/v2\/pages\/195\/revisions\/230"}],"wp:attachment":[{"href":"https:\/\/helene-nutrition.fr\/index.php\/wp-json\/wp\/v2\/media?parent=195"}],"curies":[{"name":"wp","href":"https:\/\/api.w.org\/{rel}","templated":true}]}}